{"id":2522,"date":"2025-06-30T21:09:13","date_gmt":"2025-06-30T20:09:13","guid":{"rendered":"https:\/\/edicoeshorus.pt\/?product=cetro-iniquo"},"modified":"2025-07-21T18:09:48","modified_gmt":"2025-07-21T17:09:48","slug":"cetro-iniquo","status":"publish","type":"product","link":"https:\/\/edicoeshorus.pt\/?product=cetro-iniquo","title":{"rendered":"Cetro In\u00edquo &#8211; N\u00e1dia Pinto"},"content":{"rendered":"<p><\/p>\n","protected":false},"excerpt":{"rendered":"<p>E se o futuro n\u00e3o tivesse carros voadores? E se o comboio fosse uma mem\u00f3ria distante? O que aconteceu? Como cheg\u00e1mos aqui? Num amanh\u00e3 obscuro, acompanhamos a luta por um destino n\u00e3o predeterminado da Princesa Amora Feyreland, que sempre soube que algo estava errado na forma como os pais governavam o reino. Mas \u00e9 apenas quando se v\u00ea obrigada a fugir de um casamento combinado que percebe a gravidade da situa\u00e7\u00e3o. Agora, com a ajuda do grupo de Rebeldes que prometeu nunca se juntar, deve restaurar a justi\u00e7a no reino, combatendo os fantasmas do seu passado no entretanto. Acompanha esta hero\u00edna na sua aventura e descobre mais sobre este mundo alternativo, onde a \u00fanica alternativa \u00e9 lutar para tra\u00e7ar o pr\u00f3prio destino e onde s\u00f3 h\u00e1 uma solu\u00e7\u00e3o: Revolu\u00e7\u00e3o!<\/p>\n","protected":false},"author":0,"featured_media":2542,"menu_order":0,"comment_status":"open","ping_status":"closed","template":"","meta":{"om_disable_all_campaigns":false,"inline_featured_image":false,"_monsterinsights_skip_tracking":false,"_monsterinsights_sitenote_active":false,"_monsterinsights_sitenote_note":"","_monsterinsights_sitenote_category":0,"footnotes":""},"product_brand":[],"product_cat":[51],"product_tag":[],"class_list":{"0":"post-2522","1":"product","2":"type-product","3":"status-publish","4":"has-post-thumbnail","6":"product_cat-ficcao","8":"first","9":"instock","10":"purchasable","11":"product-type-simple"},"jetpack_sharing_enabled":true,"_links":{"self":[{"href":"https:\/\/edicoeshorus.pt\/index.php?rest_route=\/wp\/v2\/product\/2522","targetHints":{"allow":["GET"]}}],"collection":[{"href":"https:\/\/edicoeshorus.pt\/index.php?rest_route=\/wp\/v2\/product"}],"about":[{"href":"https:\/\/edicoeshorus.pt\/index.php?rest_route=\/wp\/v2\/types\/product"}],"replies":[{"embeddable":true,"href":"https:\/\/edicoeshorus.pt\/index.php?rest_route=%2Fwp%2Fv2%2Fcomments&post=2522"}],"version-history":[{"count":0,"href":"https:\/\/edicoeshorus.pt\/index.php?rest_route=\/wp\/v2\/product\/2522\/revisions"}],"wp:featuredmedia":[{"embeddable":true,"href":"https:\/\/edicoeshorus.pt\/index.php?rest_route=\/wp\/v2\/media\/2542"}],"wp:attachment":[{"href":"https:\/\/edicoeshorus.pt\/index.php?rest_route=%2Fwp%2Fv2%2Fmedia&parent=2522"}],"wp:term":[{"taxonomy":"product_brand","embeddable":true,"href":"https:\/\/edicoeshorus.pt\/index.php?rest_route=%2Fwp%2Fv2%2Fproduct_brand&post=2522"},{"taxonomy":"product_cat","embeddable":true,"href":"https:\/\/edicoeshorus.pt\/index.php?rest_route=%2Fwp%2Fv2%2Fproduct_cat&post=2522"},{"taxonomy":"product_tag","embeddable":true,"href":"https:\/\/edicoeshorus.pt\/index.php?rest_route=%2Fwp%2Fv2%2Fproduct_tag&post=2522"}],"curies":[{"name":"wp","href":"https:\/\/api.w.org\/{rel}","templated":true}]}}