{"id":2523,"date":"2025-06-30T21:40:18","date_gmt":"2025-06-30T20:40:18","guid":{"rendered":"https:\/\/edicoeshorus.pt\/?product=ela-pre-venda"},"modified":"2025-07-21T18:09:27","modified_gmt":"2025-07-21T17:09:27","slug":"ela-pre-venda","status":"publish","type":"product","link":"https:\/\/edicoeshorus.pt\/?product=ela-pre-venda","title":{"rendered":"EL\u00c3 (PR\u00c9-VENDA) &#8211; \u00c2ngela Cerqueira"},"content":{"rendered":"<p><\/p>\n","protected":false},"excerpt":{"rendered":"<p><strong><em>Pref\u00e1cio&nbsp;<\/em><\/strong><\/p>\n<p>Nos tortuosos caminhos da vida vamos admirando tudo quanto vamos encontrando\u2026 um dia encontrei-te \u2026 encontrei-a! \u2026 a Ela, \u00e0 \u00c2ngela. Um pequeno anjo com asas feitas de palavras que vai desafiando e tecendo como uma mante com que nos cobre, nos defende, nos protege\u2026 nos aquece o corpo e a alma.&nbsp;<\/p>\n<p>El\u00e3 nada mais \u00e9 do que a magia do seu voo! Desta feita traz-nos, em El\u00e3, parte D\u00b4Ela e com um maravilhoso cuidado, no bater das suas asas de palavras, viajamos pelos mundos que na \u00c2ngela moram!&nbsp;<\/p>\n<p>El\u00e3 \u00e9 sopro, beijo, sagacidade, noite e abra\u00e7o, aventura, crian\u00e7a, lealdade, subleva\u00e7\u00e3o, certeza, d\u00favida, segredo, medo e porto seguro, sonho, emo\u00e7\u00e3o \u2026 \u00e9 \u00c2ngela na conjuga\u00e7\u00e3o do verbo mais perfeito&nbsp;<\/p>\n<p><strong><em>Sofia Guard\u00e3o&nbsp;<\/em><\/strong><\/p>\n","protected":false},"author":0,"featured_media":2543,"menu_order":0,"comment_status":"open","ping_status":"closed","template":"","meta":{"om_disable_all_campaigns":false,"inline_featured_image":false,"_monsterinsights_skip_tracking":false,"_monsterinsights_sitenote_active":false,"_monsterinsights_sitenote_note":"","_monsterinsights_sitenote_category":0,"footnotes":""},"product_brand":[],"product_cat":[53],"product_tag":[57,54],"class_list":{"0":"post-2523","1":"product","2":"type-product","3":"status-publish","4":"has-post-thumbnail","6":"product_cat-poesia","7":"product_tag-autores-portugueses","8":"product_tag-novidades","10":"first","11":"instock","12":"purchasable","13":"product-type-simple"},"jetpack_sharing_enabled":true,"_links":{"self":[{"href":"https:\/\/edicoeshorus.pt\/index.php?rest_route=\/wp\/v2\/product\/2523","targetHints":{"allow":["GET"]}}],"collection":[{"href":"https:\/\/edicoeshorus.pt\/index.php?rest_route=\/wp\/v2\/product"}],"about":[{"href":"https:\/\/edicoeshorus.pt\/index.php?rest_route=\/wp\/v2\/types\/product"}],"replies":[{"embeddable":true,"href":"https:\/\/edicoeshorus.pt\/index.php?rest_route=%2Fwp%2Fv2%2Fcomments&post=2523"}],"version-history":[{"count":0,"href":"https:\/\/edicoeshorus.pt\/index.php?rest_route=\/wp\/v2\/product\/2523\/revisions"}],"wp:featuredmedia":[{"embeddable":true,"href":"https:\/\/edicoeshorus.pt\/index.php?rest_route=\/wp\/v2\/media\/2543"}],"wp:attachment":[{"href":"https:\/\/edicoeshorus.pt\/index.php?rest_route=%2Fwp%2Fv2%2Fmedia&parent=2523"}],"wp:term":[{"taxonomy":"product_brand","embeddable":true,"href":"https:\/\/edicoeshorus.pt\/index.php?rest_route=%2Fwp%2Fv2%2Fproduct_brand&post=2523"},{"taxonomy":"product_cat","embeddable":true,"href":"https:\/\/edicoeshorus.pt\/index.php?rest_route=%2Fwp%2Fv2%2Fproduct_cat&post=2523"},{"taxonomy":"product_tag","embeddable":true,"href":"https:\/\/edicoeshorus.pt\/index.php?rest_route=%2Fwp%2Fv2%2Fproduct_tag&post=2523"}],"curies":[{"name":"wp","href":"https:\/\/api.w.org\/{rel}","templated":true}]}}