{"id":2531,"date":"2025-06-30T23:10:27","date_gmt":"2025-06-30T22:10:27","guid":{"rendered":"https:\/\/edicoeshorus.pt\/?product=a-tua-espera-sara-rodrigues"},"modified":"2025-06-30T23:10:27","modified_gmt":"2025-06-30T22:10:27","slug":"a-tua-espera-sara-rodrigues","status":"publish","type":"product","link":"https:\/\/edicoeshorus.pt\/?product=a-tua-espera-sara-rodrigues","title":{"rendered":"\u00c0 Tua Espera &#8211; Sara Rodrigues"},"content":{"rendered":"","protected":false},"excerpt":{"rendered":"<p>&#8220;Para Tom\u00e1s, o seu mundo desabou no dia em que a sua mulher morreu. Teresa fora o seu primeiro amor, a companheira de todos os momentos, a carinhosa m\u00e3e de Leonor, a filha de ambos. Juntos, tinham uma vida de sonho. Mas numa noite, Teresa saiu de casa e n\u00e3o voltou mais. Sofrera um acidente. Tom\u00e1s ainda se culpa por n\u00e3o ter descoberto o autor da trag\u00e9dia e Leonor vive numa imensa solid\u00e3o. Mas h\u00e1 uma luz no seu caminho: Sofia, uma professora que entende a sua perda e n\u00e3o desiste perante as dificuldades. Decidida a ajudar Leonor, Sofia re\u00fane-se com Tom\u00e1s e desse simples encontro, nascer\u00e1 uma cordial amizade, e aos poucos, a algo muito mais s\u00e9rio. Mas um segredo paira sobre ambos. Um segredo que os obrigar\u00e1 a fazer uma escolha que mudar\u00e1 as suas vidas para sempre.&#8221;<\/p>\n","protected":false},"author":0,"featured_media":0,"menu_order":0,"comment_status":"open","ping_status":"closed","template":"","meta":{"om_disable_all_campaigns":false,"inline_featured_image":false,"_monsterinsights_skip_tracking":false,"_monsterinsights_sitenote_active":false,"_monsterinsights_sitenote_note":"","_monsterinsights_sitenote_category":0,"footnotes":""},"product_brand":[],"product_cat":[51],"product_tag":[57],"class_list":{"0":"post-2531","1":"product","2":"type-product","3":"status-publish","5":"product_cat-ficcao","6":"product_tag-autores-portugueses","8":"first","9":"instock","10":"purchasable","11":"product-type-simple"},"jetpack_sharing_enabled":true,"_links":{"self":[{"href":"https:\/\/edicoeshorus.pt\/index.php?rest_route=\/wp\/v2\/product\/2531","targetHints":{"allow":["GET"]}}],"collection":[{"href":"https:\/\/edicoeshorus.pt\/index.php?rest_route=\/wp\/v2\/product"}],"about":[{"href":"https:\/\/edicoeshorus.pt\/index.php?rest_route=\/wp\/v2\/types\/product"}],"replies":[{"embeddable":true,"href":"https:\/\/edicoeshorus.pt\/index.php?rest_route=%2Fwp%2Fv2%2Fcomments&post=2531"}],"version-history":[{"count":0,"href":"https:\/\/edicoeshorus.pt\/index.php?rest_route=\/wp\/v2\/product\/2531\/revisions"}],"wp:attachment":[{"href":"https:\/\/edicoeshorus.pt\/index.php?rest_route=%2Fwp%2Fv2%2Fmedia&parent=2531"}],"wp:term":[{"taxonomy":"product_brand","embeddable":true,"href":"https:\/\/edicoeshorus.pt\/index.php?rest_route=%2Fwp%2Fv2%2Fproduct_brand&post=2531"},{"taxonomy":"product_cat","embeddable":true,"href":"https:\/\/edicoeshorus.pt\/index.php?rest_route=%2Fwp%2Fv2%2Fproduct_cat&post=2531"},{"taxonomy":"product_tag","embeddable":true,"href":"https:\/\/edicoeshorus.pt\/index.php?rest_route=%2Fwp%2Fv2%2Fproduct_tag&post=2531"}],"curies":[{"name":"wp","href":"https:\/\/api.w.org\/{rel}","templated":true}]}}