{"id":2532,"date":"2025-07-01T00:22:13","date_gmt":"2025-06-30T23:22:13","guid":{"rendered":"https:\/\/edicoeshorus.pt\/?product=a-casa-das-rosas-jovita-capitao"},"modified":"2025-07-01T00:22:13","modified_gmt":"2025-06-30T23:22:13","slug":"a-casa-das-rosas-jovita-capitao","status":"publish","type":"product","link":"https:\/\/edicoeshorus.pt\/?product=a-casa-das-rosas-jovita-capitao","title":{"rendered":"A CASA DAS ROSAS &#8211; Jovita Capit\u00e3o"},"content":{"rendered":"","protected":false},"excerpt":{"rendered":"<p>Comecei a escrever a casa das rosas em 2011. Queria fazer a experi\u00eancia de escrever um romance numa plataforma web. Inicialmente esta hist\u00f3ria foi escrita para descobrir qual era o p\u00fablico-alvo do meu blogue. \u00c9 por essa raz\u00e3o que os cap\u00edtulos s\u00e3o pequenos. Entretanto, por um percal\u00e7o da vida deixei o manuscrito digital a meio. Mais tarde, em 2012 retomei a escrita do mesmo com uma outra energia que n\u00e3o sei definir. E o que inicialmente era um romance tornou-se uma hist\u00f3ria para adolescentes. As personagens ganharam vida e eu deixei-me levar. Assim, a casa das rosas \u00e9 a hist\u00f3ria de quatro amigos, que lutam para resolver um mist\u00e9rio. A aventura passa-se numa aldeia no Norte de Portugal. N\u00e3o posso especificar qual porque n\u00e3o pensei em nenhuma em concreto. Limitei-me a imaginar o cen\u00e1rio juntando recorda\u00e7\u00f5es de momentos passados outrora. Apesar de esta hist\u00f3ria retratar aventura e mist\u00e9rio existem valores muito mais importantes neste livro. Valores tais como a fam\u00edlia, a amizade, o amor e a confian\u00e7a. A amizade dos quatro amigos, o romance que existe entre eles, e a confian\u00e7a que os pais t\u00eam de ter nos filhos mais tarde ou mais cedo, por v\u00ea-los crescer e voar. Tamb\u00e9m revela algumas das solu\u00e7\u00f5es para a crise econ\u00f3mica que aflige as personagens. A casa das rosas \u00e9 muito mais do que um simples livro para adolescentes. \u00c9 um livro para toda a fam\u00edlia e para todas as idades.<\/p>\n","protected":false},"author":0,"featured_media":0,"menu_order":0,"comment_status":"open","ping_status":"closed","template":"","meta":{"om_disable_all_campaigns":false,"inline_featured_image":false,"_monsterinsights_skip_tracking":false,"_monsterinsights_sitenote_active":false,"_monsterinsights_sitenote_note":"","_monsterinsights_sitenote_category":0,"footnotes":""},"product_brand":[],"product_cat":[51],"product_tag":[57],"class_list":{"0":"post-2532","1":"product","2":"type-product","3":"status-publish","5":"product_cat-ficcao","6":"product_tag-autores-portugueses","8":"first","9":"instock","10":"purchasable","11":"product-type-simple"},"jetpack_sharing_enabled":true,"_links":{"self":[{"href":"https:\/\/edicoeshorus.pt\/index.php?rest_route=\/wp\/v2\/product\/2532","targetHints":{"allow":["GET"]}}],"collection":[{"href":"https:\/\/edicoeshorus.pt\/index.php?rest_route=\/wp\/v2\/product"}],"about":[{"href":"https:\/\/edicoeshorus.pt\/index.php?rest_route=\/wp\/v2\/types\/product"}],"replies":[{"embeddable":true,"href":"https:\/\/edicoeshorus.pt\/index.php?rest_route=%2Fwp%2Fv2%2Fcomments&post=2532"}],"version-history":[{"count":0,"href":"https:\/\/edicoeshorus.pt\/index.php?rest_route=\/wp\/v2\/product\/2532\/revisions"}],"wp:attachment":[{"href":"https:\/\/edicoeshorus.pt\/index.php?rest_route=%2Fwp%2Fv2%2Fmedia&parent=2532"}],"wp:term":[{"taxonomy":"product_brand","embeddable":true,"href":"https:\/\/edicoeshorus.pt\/index.php?rest_route=%2Fwp%2Fv2%2Fproduct_brand&post=2532"},{"taxonomy":"product_cat","embeddable":true,"href":"https:\/\/edicoeshorus.pt\/index.php?rest_route=%2Fwp%2Fv2%2Fproduct_cat&post=2532"},{"taxonomy":"product_tag","embeddable":true,"href":"https:\/\/edicoeshorus.pt\/index.php?rest_route=%2Fwp%2Fv2%2Fproduct_tag&post=2532"}],"curies":[{"name":"wp","href":"https:\/\/api.w.org\/{rel}","templated":true}]}}