{"id":2533,"date":"2025-07-01T00:36:21","date_gmt":"2025-06-30T23:36:21","guid":{"rendered":"https:\/\/edicoeshorus.pt\/?product=as-memorias-de-quita-margarida-valerio"},"modified":"2025-07-01T00:36:21","modified_gmt":"2025-06-30T23:36:21","slug":"as-memorias-de-quita-margarida-valerio","status":"publish","type":"product","link":"https:\/\/edicoeshorus.pt\/?product=as-memorias-de-quita-margarida-valerio","title":{"rendered":"As Mem\u00f3rias de Quita &#8211; Margarida Val\u00e9rio"},"content":{"rendered":"","protected":false},"excerpt":{"rendered":"<p><em>Pref\u00e1cio<\/em><\/p>\n<p><\/p>\n<p><em>Com muito carinho, apresento-lhe a obra \u201cAs Hist\u00f3rias de Quita\u201d. Ela \u00e9 composta por dois t\u00edtulos de leitura:<\/em><\/p>\n<p><em>\u201cHist\u00f3rias de Antigamente\u201d, que nos transportam a uma viagem no tempo, aos modos e costumes da nossa terra, narradas de forma harmoniosa, em poesia e pequenos contos. Hist\u00f3rias de amor, de crescimento, de amizade, com animais talentosos e t\u00e3o nossos amigos, locais de Portugal com mem\u00f3rias cheias de ternura, profiss\u00f5es que j\u00e1 quase n\u00e3o lembramos&#8230;<\/em><\/p>\n<p><em>Falam sobre valores, a fam\u00edlia, o respeito pela natureza e os animais, a caridade e a compaix\u00e3o, a f\u00e9 e o poder de conquistarmos os nossos sonhos.<\/em><\/p>\n<p><em>A autora mostra-nos como \u00e9 o seu mundo imagin\u00e1rio, conquistando o nosso cora\u00e7\u00e3o atrav\u00e9s das suas maravilhosas e incr\u00edveis personagens. Uma obra que os pais e av\u00f3s v\u00e3o adorar ler e contar aos mais novos.<\/em><\/p>\n<p><em>\u201cA menina de Salreu\u201d \u00e9 uma hist\u00f3ria de vida narrada em poesia, que vai envolver o leitor, trazendo-lhe l\u00e1grimas e risos, vindos de mem\u00f3rias de tempos distantes.<\/em><\/p>\n<p><em>Margarida teve uma inf\u00e2ncia humilde e um pouco triste, mas muito comum para a \u00e9poca que se vivia, trabalhos de campo por vezes pesados para a idade, em que a autora revela o fardo dos trabalhos na f\u00e1brica de descasque de arroz em Salreu, a aus\u00eancia de brinquedos e como a natureza oferecia as bonecas com que brincava, a rela\u00e7\u00e3o dif\u00edcil com os pais e o gosto por estudar. Aprendia<\/em><\/p>\n<p><em>tudo muito rapidamente e memorizava com grande pormenor poemas e hist\u00f3rias da \u00e9poca, de autores conhecidos e muitos outros que ouvia contar.<\/em><\/p>\n<p><em>Na esperan\u00e7a de uma vida melhor, veio viver para Caxias, com uma fam\u00edlia que a acolheu de cora\u00e7\u00e3o aberto, educando-a e preparando-a para o seu&nbsp;futuro, vivendo experi\u00eancias maravilhosas que aqui s\u00e3o partilhadas e que nos fazem perceber como a Margarida ou \u201cQuita\u201d, \u00e9 especial. Foi tamb\u00e9m especial a forma como conheceu o seu grande amor Jos\u00e9 Manuel, a quem dedica bel\u00edssimos poemas rom\u00e2nticos. Com uma vida dedicada \u00e0s suas filhas, netas e neto, e, ap\u00f3s a morte do seu marido, a autora passa por um per\u00edodo triste novamente. Mas o seu destino estava tra\u00e7ado e todo o talento em criar hist\u00f3rias e poemas que oferecia tamb\u00e9m de cora\u00e7\u00e3o aos amigos e familiares, deu frutos, pois chegaria a hora de os transformar num livro e assim partilhar com o p\u00fablico a sua hist\u00f3ria e as experi\u00eancias que viveu, de forma<\/em><\/p>\n<p><em>apaixonante, emocionante e sempre com muita f\u00e9 sentida em cada linha.<\/em><\/p>\n<p><em>Margarida fez o seu destino, isso \u00e9 a verdade.<\/em><\/p>\n","protected":false},"author":0,"featured_media":0,"menu_order":0,"comment_status":"open","ping_status":"closed","template":"","meta":{"om_disable_all_campaigns":false,"inline_featured_image":false,"_monsterinsights_skip_tracking":false,"_monsterinsights_sitenote_active":false,"_monsterinsights_sitenote_note":"","_monsterinsights_sitenote_category":0,"footnotes":""},"product_brand":[],"product_cat":[53],"product_tag":[57],"class_list":{"0":"post-2533","1":"product","2":"type-product","3":"status-publish","5":"product_cat-poesia","6":"product_tag-autores-portugueses","8":"first","9":"instock","10":"purchasable","11":"product-type-simple"},"jetpack_sharing_enabled":true,"_links":{"self":[{"href":"https:\/\/edicoeshorus.pt\/index.php?rest_route=\/wp\/v2\/product\/2533","targetHints":{"allow":["GET"]}}],"collection":[{"href":"https:\/\/edicoeshorus.pt\/index.php?rest_route=\/wp\/v2\/product"}],"about":[{"href":"https:\/\/edicoeshorus.pt\/index.php?rest_route=\/wp\/v2\/types\/product"}],"replies":[{"embeddable":true,"href":"https:\/\/edicoeshorus.pt\/index.php?rest_route=%2Fwp%2Fv2%2Fcomments&post=2533"}],"version-history":[{"count":0,"href":"https:\/\/edicoeshorus.pt\/index.php?rest_route=\/wp\/v2\/product\/2533\/revisions"}],"wp:attachment":[{"href":"https:\/\/edicoeshorus.pt\/index.php?rest_route=%2Fwp%2Fv2%2Fmedia&parent=2533"}],"wp:term":[{"taxonomy":"product_brand","embeddable":true,"href":"https:\/\/edicoeshorus.pt\/index.php?rest_route=%2Fwp%2Fv2%2Fproduct_brand&post=2533"},{"taxonomy":"product_cat","embeddable":true,"href":"https:\/\/edicoeshorus.pt\/index.php?rest_route=%2Fwp%2Fv2%2Fproduct_cat&post=2533"},{"taxonomy":"product_tag","embeddable":true,"href":"https:\/\/edicoeshorus.pt\/index.php?rest_route=%2Fwp%2Fv2%2Fproduct_tag&post=2533"}],"curies":[{"name":"wp","href":"https:\/\/api.w.org\/{rel}","templated":true}]}}