{"id":2535,"date":"2025-07-04T15:40:44","date_gmt":"2025-07-04T14:40:44","guid":{"rendered":"https:\/\/edicoeshorus.pt\/?product=fakers-s1-nova-vida-pre-venda"},"modified":"2025-07-04T15:40:44","modified_gmt":"2025-07-04T14:40:44","slug":"fakers-s1-nova-vida-pre-venda","status":"publish","type":"product","link":"https:\/\/edicoeshorus.pt\/?product=fakers-s1-nova-vida-pre-venda","title":{"rendered":"FAKERS S1 NOVA VIDA (PR\u00c9-VENDA)"},"content":{"rendered":"","protected":false},"excerpt":{"rendered":"<p><span class=\"ql-size-small\">&#8220;Quando os irm\u00e3os Mikael e Ray voltam para casa e descobrem que seu o irm\u00e3o mais novo foi assassinado pelo seu pai doente e mafioso, eles fogem para Blues Bay e come\u00e7am uma nova vida longe de todos os seus problemas. Um ano depois algu\u00e9m da cidade come\u00e7a a enviar-lhes mensagens assustadoras sobre o seu passado. Ser\u00e1 o pai deles? Estar\u00e1 algu\u00e9m atr\u00e1s deles? Ser\u00e1 que estes dois irm\u00e3os conseguiram &#8220;falsificar&#8221; a vida deles para sempre?&#8221;<\/span><\/p>\n","protected":false},"author":0,"featured_media":0,"menu_order":0,"comment_status":"open","ping_status":"closed","template":"","meta":{"om_disable_all_campaigns":false,"inline_featured_image":false,"_monsterinsights_skip_tracking":false,"_monsterinsights_sitenote_active":false,"_monsterinsights_sitenote_note":"","_monsterinsights_sitenote_category":0,"footnotes":""},"product_brand":[],"product_cat":[51],"product_tag":[57],"class_list":{"0":"post-2535","1":"product","2":"type-product","3":"status-publish","5":"product_cat-ficcao","6":"product_tag-autores-portugueses","8":"first","9":"instock","10":"purchasable","11":"product-type-simple"},"jetpack_sharing_enabled":true,"_links":{"self":[{"href":"https:\/\/edicoeshorus.pt\/index.php?rest_route=\/wp\/v2\/product\/2535","targetHints":{"allow":["GET"]}}],"collection":[{"href":"https:\/\/edicoeshorus.pt\/index.php?rest_route=\/wp\/v2\/product"}],"about":[{"href":"https:\/\/edicoeshorus.pt\/index.php?rest_route=\/wp\/v2\/types\/product"}],"replies":[{"embeddable":true,"href":"https:\/\/edicoeshorus.pt\/index.php?rest_route=%2Fwp%2Fv2%2Fcomments&post=2535"}],"version-history":[{"count":0,"href":"https:\/\/edicoeshorus.pt\/index.php?rest_route=\/wp\/v2\/product\/2535\/revisions"}],"wp:attachment":[{"href":"https:\/\/edicoeshorus.pt\/index.php?rest_route=%2Fwp%2Fv2%2Fmedia&parent=2535"}],"wp:term":[{"taxonomy":"product_brand","embeddable":true,"href":"https:\/\/edicoeshorus.pt\/index.php?rest_route=%2Fwp%2Fv2%2Fproduct_brand&post=2535"},{"taxonomy":"product_cat","embeddable":true,"href":"https:\/\/edicoeshorus.pt\/index.php?rest_route=%2Fwp%2Fv2%2Fproduct_cat&post=2535"},{"taxonomy":"product_tag","embeddable":true,"href":"https:\/\/edicoeshorus.pt\/index.php?rest_route=%2Fwp%2Fv2%2Fproduct_tag&post=2535"}],"curies":[{"name":"wp","href":"https:\/\/api.w.org\/{rel}","templated":true}]}}