{"id":2593,"date":"2025-12-22T18:32:17","date_gmt":"2025-12-22T18:32:17","guid":{"rendered":"https:\/\/edicoeshorus.pt\/?post_type=product&#038;p=2593"},"modified":"2025-12-22T18:43:43","modified_gmt":"2025-12-22T18:43:43","slug":"entre-a-terra-e-marte-de-ana-gorgulho-paixao","status":"publish","type":"product","link":"https:\/\/edicoeshorus.pt\/?product=entre-a-terra-e-marte-de-ana-gorgulho-paixao","title":{"rendered":"Entre a Terra e Mar(te) de Ana Gorgulho Paix\u00e3o"},"content":{"rendered":"<table>\n<tbody>\n<tr>\n<td>ISBN:<\/td>\n<td class=\"font-medium\">9789899123175<\/td>\n<\/tr>\n<tr>\n<td>Editor:<\/td>\n<td class=\"font-medium\">Edi\u00e7\u00f5es H\u00f3rus<\/td>\n<\/tr>\n<tr>\n<td>Data de Lan\u00e7amento:<\/td>\n<td class=\"font-medium\">outubro de 2022<\/td>\n<\/tr>\n<tr>\n<td>Idioma:<\/td>\n<td class=\"font-medium\">Portugu\u00eas<\/td>\n<\/tr>\n<tr>\n<td>Dimens\u00f5es:<\/td>\n<td class=\"font-medium\">148 x 210 x 25 mm<\/td>\n<\/tr>\n<tr>\n<td>Encaderna\u00e7\u00e3o:<\/td>\n<td class=\"font-medium\">Capa mole<\/td>\n<\/tr>\n<tr>\n<td>P\u00e1ginas:<\/td>\n<td class=\"font-medium\">115<\/td>\n<\/tr>\n<tr>\n<td>Tipo de produto:<\/td>\n<td class=\"font-medium\">Livro<\/td>\n<\/tr>\n<tr>\n<td>Classifica\u00e7\u00e3o tem\u00e1tica:<\/td>\n<td><span class=\"font-medium\"><a class=\"text-black\" href=\"https:\/\/www.wook.pt\/arvoretematica\/livros-em-portugues\/8066x5839\/P\" target=\"_self\">Livros em Portugu\u00eas <\/a>&gt;<\/span><span class=\"font-medium\"><a class=\"text-black\" href=\"https:\/\/www.wook.pt\/arvoretematica\/livros-em-portugues-literatura\/8066x5839x18017\/P\" target=\"_self\">Literatura <\/a>&gt; <\/span><span class=\"font-medium\"><a class=\"text-black\" href=\"https:\/\/www.wook.pt\/arvoretematica\/livros-em-portugues-literatura-poesia\/8066x5839x18017x18258\/P\" target=\"_self\">Poesia <\/a><\/span><\/td>\n<\/tr>\n<tr>\n<td>EAN:<\/td>\n<td class=\"font-medium\">9789899123175<\/td>\n<\/tr>\n<\/tbody>\n<\/table>\n","protected":false},"excerpt":{"rendered":"<p>Um livro pensado desde 2014, mas que agora faz todo o sentido sair da gaveta e voar&#8230;Deixo-vos este meu segredo guardado, espero que gostem, e&#8230;Vamos voar?!<\/p>\n<p>Livro Poesia e Fotogr\u00e1fico<\/p>\n","protected":false},"author":3,"featured_media":2594,"menu_order":0,"comment_status":"closed","ping_status":"closed","template":"","meta":{"om_disable_all_campaigns":false,"inline_featured_image":false,"_monsterinsights_skip_tracking":false,"_monsterinsights_sitenote_active":false,"_monsterinsights_sitenote_note":"","_monsterinsights_sitenote_category":0,"footnotes":""},"product_brand":[],"product_cat":[53],"product_tag":[57],"class_list":{"0":"post-2593","1":"product","2":"type-product","3":"status-publish","4":"has-post-thumbnail","6":"product_cat-poesia","7":"product_tag-autores-portugueses","9":"first","10":"instock","11":"taxable","12":"shipping-taxable","13":"purchasable","14":"product-type-simple"},"jetpack_sharing_enabled":true,"_links":{"self":[{"href":"https:\/\/edicoeshorus.pt\/index.php?rest_route=\/wp\/v2\/product\/2593","targetHints":{"allow":["GET"]}}],"collection":[{"href":"https:\/\/edicoeshorus.pt\/index.php?rest_route=\/wp\/v2\/product"}],"about":[{"href":"https:\/\/edicoeshorus.pt\/index.php?rest_route=\/wp\/v2\/types\/product"}],"author":[{"embeddable":true,"href":"https:\/\/edicoeshorus.pt\/index.php?rest_route=\/wp\/v2\/users\/3"}],"replies":[{"embeddable":true,"href":"https:\/\/edicoeshorus.pt\/index.php?rest_route=%2Fwp%2Fv2%2Fcomments&post=2593"}],"version-history":[{"count":0,"href":"https:\/\/edicoeshorus.pt\/index.php?rest_route=\/wp\/v2\/product\/2593\/revisions"}],"wp:featuredmedia":[{"embeddable":true,"href":"https:\/\/edicoeshorus.pt\/index.php?rest_route=\/wp\/v2\/media\/2594"}],"wp:attachment":[{"href":"https:\/\/edicoeshorus.pt\/index.php?rest_route=%2Fwp%2Fv2%2Fmedia&parent=2593"}],"wp:term":[{"taxonomy":"product_brand","embeddable":true,"href":"https:\/\/edicoeshorus.pt\/index.php?rest_route=%2Fwp%2Fv2%2Fproduct_brand&post=2593"},{"taxonomy":"product_cat","embeddable":true,"href":"https:\/\/edicoeshorus.pt\/index.php?rest_route=%2Fwp%2Fv2%2Fproduct_cat&post=2593"},{"taxonomy":"product_tag","embeddable":true,"href":"https:\/\/edicoeshorus.pt\/index.php?rest_route=%2Fwp%2Fv2%2Fproduct_tag&post=2593"}],"curies":[{"name":"wp","href":"https:\/\/api.w.org\/{rel}","templated":true}]}}