{"id":2599,"date":"2025-12-22T18:47:10","date_gmt":"2025-12-22T18:47:10","guid":{"rendered":"https:\/\/edicoeshorus.pt\/?post_type=product&#038;p=2599"},"modified":"2025-12-22T18:47:10","modified_gmt":"2025-12-22T18:47:10","slug":"vidas-com-vida-i-de-angelo-melo","status":"publish","type":"product","link":"https:\/\/edicoeshorus.pt\/?product=vidas-com-vida-i-de-angelo-melo","title":{"rendered":"Vidas com Vida I de \u00c2ngelo Melo"},"content":{"rendered":"<table>\n<tbody>\n<tr>\n<td>ISBN:<\/td>\n<td class=\"font-medium\">9789898837486<\/td>\n<\/tr>\n<tr>\n<td>Editor:<\/td>\n<td class=\"font-medium\">Edi\u00e7\u00f5es H\u00f3rus<\/td>\n<\/tr>\n<tr>\n<td>Data de Lan\u00e7amento:<\/td>\n<td class=\"font-medium\">novembro de 2017<\/td>\n<\/tr>\n<tr>\n<td>Idioma:<\/td>\n<td class=\"font-medium\">Portugu\u00eas<\/td>\n<\/tr>\n<tr>\n<td>Dimens\u00f5es:<\/td>\n<td class=\"font-medium\">146 x 210 x 4 mm<\/td>\n<\/tr>\n<tr>\n<td>Encaderna\u00e7\u00e3o:<\/td>\n<td class=\"font-medium\">Capa mole<\/td>\n<\/tr>\n<tr>\n<td>P\u00e1ginas:<\/td>\n<td class=\"font-medium\">76<\/td>\n<\/tr>\n<tr>\n<td>Tipo de produto:<\/td>\n<td class=\"font-medium\">Livro<\/td>\n<\/tr>\n<tr>\n<td>Classifica\u00e7\u00e3o tem\u00e1tica:<\/td>\n<td><span class=\"font-medium\"><a class=\"text-black\" href=\"https:\/\/www.wook.pt\/arvoretematica\/livros-em-portugues\/8066x5839\/P\" target=\"_self\">Livros em Portugu\u00eas <\/a>&gt;<\/span><span class=\"font-medium\"><a class=\"text-black\" href=\"https:\/\/www.wook.pt\/arvoretematica\/livros-em-portugues-literatura\/8066x5839x18017\/P\" target=\"_self\">Literatura <\/a>&gt; <\/span><span class=\"font-medium\"><a class=\"text-black\" href=\"https:\/\/www.wook.pt\/arvoretematica\/livros-em-portugues-literatura-monografias\/8066x5839x18017x18256\/P\" target=\"_self\">Monografias <\/a><\/span><\/td>\n<\/tr>\n<tr>\n<td>EAN:<\/td>\n<td class=\"font-medium\">9789898837486<\/td>\n<\/tr>\n<\/tbody>\n<\/table>\n","protected":false},"excerpt":{"rendered":"<p>Em cada hist\u00f3ria ser\u00e1 paix\u00e3o \u00fanica entre leitor e livro!<\/p>\n","protected":false},"author":3,"featured_media":2600,"menu_order":0,"comment_status":"closed","ping_status":"closed","template":"","meta":{"om_disable_all_campaigns":false,"inline_featured_image":false,"_monsterinsights_skip_tracking":false,"_monsterinsights_sitenote_active":false,"_monsterinsights_sitenote_note":"","_monsterinsights_sitenote_category":0,"footnotes":""},"product_brand":[],"product_cat":[53],"product_tag":[57],"class_list":{"0":"post-2599","1":"product","2":"type-product","3":"status-publish","4":"has-post-thumbnail","6":"product_cat-poesia","7":"product_tag-autores-portugueses","9":"first","10":"instock","11":"taxable","12":"shipping-taxable","13":"product-type-simple"},"jetpack_sharing_enabled":true,"_links":{"self":[{"href":"https:\/\/edicoeshorus.pt\/index.php?rest_route=\/wp\/v2\/product\/2599","targetHints":{"allow":["GET"]}}],"collection":[{"href":"https:\/\/edicoeshorus.pt\/index.php?rest_route=\/wp\/v2\/product"}],"about":[{"href":"https:\/\/edicoeshorus.pt\/index.php?rest_route=\/wp\/v2\/types\/product"}],"author":[{"embeddable":true,"href":"https:\/\/edicoeshorus.pt\/index.php?rest_route=\/wp\/v2\/users\/3"}],"replies":[{"embeddable":true,"href":"https:\/\/edicoeshorus.pt\/index.php?rest_route=%2Fwp%2Fv2%2Fcomments&post=2599"}],"version-history":[{"count":0,"href":"https:\/\/edicoeshorus.pt\/index.php?rest_route=\/wp\/v2\/product\/2599\/revisions"}],"wp:featuredmedia":[{"embeddable":true,"href":"https:\/\/edicoeshorus.pt\/index.php?rest_route=\/wp\/v2\/media\/2600"}],"wp:attachment":[{"href":"https:\/\/edicoeshorus.pt\/index.php?rest_route=%2Fwp%2Fv2%2Fmedia&parent=2599"}],"wp:term":[{"taxonomy":"product_brand","embeddable":true,"href":"https:\/\/edicoeshorus.pt\/index.php?rest_route=%2Fwp%2Fv2%2Fproduct_brand&post=2599"},{"taxonomy":"product_cat","embeddable":true,"href":"https:\/\/edicoeshorus.pt\/index.php?rest_route=%2Fwp%2Fv2%2Fproduct_cat&post=2599"},{"taxonomy":"product_tag","embeddable":true,"href":"https:\/\/edicoeshorus.pt\/index.php?rest_route=%2Fwp%2Fv2%2Fproduct_tag&post=2599"}],"curies":[{"name":"wp","href":"https:\/\/api.w.org\/{rel}","templated":true}]}}